{"id":4596,"date":"2022-09-09T13:40:42","date_gmt":"2022-09-09T13:40:42","guid":{"rendered":"https:\/\/hotelgeysir.is\/?page_id=4596"},"modified":"2024-02-27T12:25:50","modified_gmt":"2024-02-27T12:25:50","slug":"fjolskyldujolahladbord","status":"publish","type":"page","link":"https:\/\/hotelgeysir.is\/is\/fjolskyldujolahladbord\/","title":{"rendered":"Fj\u00f6lskylduj\u00f3lahla\u00f0bor\u00f0"},"content":{"rendered":"\t\t<div data-elementor-type=\"wp-page\" data-elementor-id=\"4596\" class=\"elementor elementor-4596\" data-elementor-post-type=\"page\">\n\t\t\t\t\t\t<section class=\"ob-is-breaking-bad elementor-section elementor-top-section elementor-element elementor-element-91903d4 elementor-section-height-min-height elementor-section-boxed elementor-section-height-default elementor-section-items-middle\" data-id=\"91903d4\" data-element_type=\"section\" data-settings=\"{&quot;background_background&quot;:&quot;classic&quot;,&quot;_ob_bbad_use_it&quot;:&quot;yes&quot;,&quot;_ob_bbad_sssic_use&quot;:&quot;no&quot;}\">\n\t\t\t\t\t\t<div class=\"elementor-container elementor-column-gap-default\">\n\t\t\t\t\t<div class=\"elementor-column elementor-col-100 elementor-top-column elementor-element elementor-element-79187b2\" data-id=\"79187b2\" data-element_type=\"column\" data-settings=\"{&quot;_ob_bbad_is_stalker&quot;:&quot;no&quot;,&quot;_ob_column_hoveranimator&quot;:&quot;no&quot;}\">\n\t\t\t<div class=\"elementor-widget-wrap\">\n\t\t\t\t\t\t\t<\/div>\n\t\t<\/div>\n\t\t\t\t\t<\/div>\n\t\t<\/section>\n\t\t\t\t<section class=\"ob-is-breaking-bad elementor-section elementor-top-section elementor-element elementor-element-9d1d0c9 panel elementor-section-boxed elementor-section-height-default elementor-section-height-default\" data-id=\"9d1d0c9\" data-element_type=\"section\" data-settings=\"{&quot;background_background&quot;:&quot;classic&quot;,&quot;_ob_bbad_use_it&quot;:&quot;yes&quot;,&quot;_ob_bbad_sssic_use&quot;:&quot;no&quot;}\" data-color=\"blue\">\n\t\t\t\t\t\t<div class=\"elementor-container elementor-column-gap-default\">\n\t\t\t\t\t<div class=\"elementor-column elementor-col-50 elementor-top-column elementor-element elementor-element-c96077f\" data-id=\"c96077f\" data-element_type=\"column\" data-settings=\"{&quot;_ob_bbad_is_stalker&quot;:&quot;no&quot;,&quot;_ob_column_hoveranimator&quot;:&quot;no&quot;}\">\n\t\t\t<div class=\"elementor-widget-wrap elementor-element-populated\">\n\t\t\t\t\t\t<div class=\"elementor-element elementor-element-befec80 elementor-widget elementor-widget-heading\" data-id=\"befec80\" data-element_type=\"widget\" data-settings=\"{&quot;_ob_allow_hoveranimator&quot;:&quot;no&quot;,&quot;_ob_widget_stalker_use&quot;:&quot;no&quot;}\" data-widget_type=\"heading.default\">\n\t\t\t\t<div class=\"elementor-widget-container\">\n\t\t\t\t\t<h2 class=\"elementor-heading-title elementor-size-default\">Fj\u00f6lskylduj\u00f3lahla\u00f0bor\u00f0<\/h2>\t\t\t\t<\/div>\n\t\t\t\t<\/div>\n\t\t\t\t<div class=\"elementor-element elementor-element-9456bab elementor-widget-divider--view-line elementor-widget elementor-widget-divider\" data-id=\"9456bab\" data-element_type=\"widget\" data-settings=\"{&quot;_ob_allow_hoveranimator&quot;:&quot;no&quot;,&quot;_ob_widget_stalker_use&quot;:&quot;no&quot;}\" data-widget_type=\"divider.default\">\n\t\t\t\t<div class=\"elementor-widget-container\">\n\t\t\t\t\t\t\t<div class=\"elementor-divider\">\n\t\t\t<span class=\"elementor-divider-separator\">\n\t\t\t\t\t\t<\/span>\n\t\t<\/div>\n\t\t\t\t\t\t<\/div>\n\t\t\t\t<\/div>\n\t\t\t\t<div class=\"elementor-element elementor-element-53d334f elementor-widget elementor-widget-text-editor\" data-id=\"53d334f\" data-element_type=\"widget\" data-settings=\"{&quot;_ob_allow_hoveranimator&quot;:&quot;no&quot;,&quot;_ob_widget_stalker_use&quot;:&quot;no&quot;}\" data-widget_type=\"text-editor.default\">\n\t\t\t\t<div class=\"elementor-widget-container\">\n\t\t\t\t\t\t\t\t\t<p>Hin s\u00edvins\u00e6lu fj\u00f6lskyldu j\u00f3lahla\u00f0bor\u00f0 eru haldin \u00e1rlega og eru augl\u00fdst a\u00f0 hausti til, mi\u00f0asala er \u00e1 tix.is<\/p><p><span style=\"font-size: 20px;\">Skemmtunin hefst \u00ed sk\u00f3ginum kl. 15:00 \u00fear sem fj\u00f6rugir j\u00f3lasveinar taka \u00e1 m\u00f3ti b\u00f6rnunum og foreldrum \u00feeirra og allir nj\u00f3ta yfir ilmandi heitu s\u00fakkula\u00f0i og tr\u00f6lla p\u00f6nnuk\u00f6kum. Gestum b\u00fd\u00f0st svo a\u00f0 versla s\u00e9r j\u00f3latr\u00e9 \u00ed sk\u00f3ginum og athugi\u00f0 a\u00f0 keyra \u00fearf fr\u00e1 sk\u00f3garh\u00fasinu a\u00f0 j\u00f3latr\u00e9ss\u00f6lunni og salan \u00feessa daga er eing\u00f6ngu \u00e6tlu\u00f0 fyrir gesti j\u00f3lahla\u00f0bor\u00f0sins.<\/span><\/p><p>J\u00f3lahla\u00f0bor\u00f0i\u00f0 hefst svo kl. 17:00 \u00e1 Geysir veitingah\u00fasi me\u00f0 fallegri j\u00f3lat\u00f3nlist og g\u00f3\u00f0um j\u00f3lamat. B\u00f6rnin f\u00e1 hla\u00f0bor\u00f0i\u00f0 sitt \u00ed sinni h\u00e6\u00f0 og er \u00fea\u00f0 \u00fev\u00ed mj\u00f6g a\u00f0gengilegt a\u00f0 velja s\u00e9r kr\u00e6singar fyrir b\u00f6rnin. Eftir matinn sameinast allir og vi\u00f0 tekur skemmtun \u00fear sem allir koma saman og dansa og syngja.\u00a0<\/p>\t\t\t\t\t\t\t\t<\/div>\n\t\t\t\t<\/div>\n\t\t\t\t<div class=\"elementor-element elementor-element-17f7383 elementor-widget__width-auto ob-got-stalker elementor-widget elementor-widget-button\" data-id=\"17f7383\" data-element_type=\"widget\" data-settings=\"{&quot;_ob_widget_stalker_use&quot;:&quot;yes&quot;,&quot;_ob_allow_hoveranimator&quot;:&quot;no&quot;}\" data-widget_type=\"button.default\">\n\t\t\t\t<div class=\"elementor-widget-container\">\n\t\t\t\t\t\t\t\t\t<div class=\"elementor-button-wrapper\">\n\t\t\t\t\t<a class=\"elementor-button elementor-button-link elementor-size-md\" href=\"https:\/\/hotelgeysir.is\/wp-content\/uploads\/2022\/09\/HG-Fjolskylduhladbord-22.pdf\" target=\"_blank\">\n\t\t\t\t\t\t<span class=\"elementor-button-content-wrapper\">\n\t\t\t\t\t\t<span class=\"elementor-button-icon\">\n\t\t\t\t<i aria-hidden=\"true\" class=\"far fa-file-pdf\"><\/i>\t\t\t<\/span>\n\t\t\t\t\t\t\t\t\t<span class=\"elementor-button-text\">MATSE\u00d0ILL<\/span>\n\t\t\t\t\t<\/span>\n\t\t\t\t\t<\/a>\n\t\t\t\t<\/div>\n\t\t\t\t\t\t\t\t<\/div>\n\t\t\t\t<\/div>\n\t\t\t\t<div class=\"elementor-element elementor-element-fd015f6 elementor-widget elementor-widget-text-editor\" data-id=\"fd015f6\" data-element_type=\"widget\" data-settings=\"{&quot;_ob_allow_hoveranimator&quot;:&quot;no&quot;,&quot;_ob_widget_stalker_use&quot;:&quot;no&quot;}\" data-widget_type=\"text-editor.default\">\n\t\t\t\t<div class=\"elementor-widget-container\">\n\t\t\t\t\t\t\t\t\t<p><strong>Mi\u00f0ar \u00e1 <a href=\"https:\/\/tix.is\/is\/event\/13922\/fjolskyldujolahla-bor-a-geysi\/\" target=\"_blank\" rel=\"noopener\">tix.is<\/a><\/strong><\/p>\t\t\t\t\t\t\t\t<\/div>\n\t\t\t\t<\/div>\n\t\t\t\t\t<\/div>\n\t\t<\/div>\n\t\t\t\t<div class=\"elementor-column elementor-col-50 elementor-top-column elementor-element elementor-element-390813f\" data-id=\"390813f\" data-element_type=\"column\" data-settings=\"{&quot;_ob_bbad_is_stalker&quot;:&quot;no&quot;,&quot;_ob_column_hoveranimator&quot;:&quot;no&quot;}\">\n\t\t\t<div class=\"elementor-widget-wrap elementor-element-populated\">\n\t\t\t\t\t\t<div class=\"elementor-element elementor-element-4b5f664 elementor-widget elementor-widget-image\" data-id=\"4b5f664\" data-element_type=\"widget\" data-settings=\"{&quot;motion_fx_motion_fx_scrolling&quot;:&quot;yes&quot;,&quot;motion_fx_translateY_effect&quot;:&quot;yes&quot;,&quot;motion_fx_translateY_speed&quot;:{&quot;unit&quot;:&quot;px&quot;,&quot;size&quot;:0.5,&quot;sizes&quot;:[]},&quot;motion_fx_devices&quot;:[&quot;desktop&quot;,&quot;tablet&quot;],&quot;motion_fx_translateY_affectedRange&quot;:{&quot;unit&quot;:&quot;%&quot;,&quot;size&quot;:&quot;&quot;,&quot;sizes&quot;:{&quot;start&quot;:0,&quot;end&quot;:100}},&quot;_ob_allow_hoveranimator&quot;:&quot;no&quot;,&quot;_ob_widget_stalker_use&quot;:&quot;no&quot;}\" data-widget_type=\"image.default\">\n\t\t\t\t<div class=\"elementor-widget-container\">\n\t\t\t\t\t\t\t\t\t\t\t\t\t\t\t<img fetchpriority=\"high\" decoding=\"async\" width=\"768\" height=\"513\" src=\"https:\/\/hotelgeysir.is\/wp-content\/uploads\/2022\/09\/Hotel-Geysir-jol-768x513.jpg\" class=\"attachment-medium_large size-medium_large wp-image-4610\" alt=\"\" srcset=\"https:\/\/hotelgeysir.is\/wp-content\/uploads\/2022\/09\/Hotel-Geysir-jol-768x513.jpg 768w, https:\/\/hotelgeysir.is\/wp-content\/uploads\/2022\/09\/Hotel-Geysir-jol-300x200.jpg 300w, https:\/\/hotelgeysir.is\/wp-content\/uploads\/2022\/09\/Hotel-Geysir-jol-600x401.jpg 600w, https:\/\/hotelgeysir.is\/wp-content\/uploads\/2022\/09\/Hotel-Geysir-jol.jpg 800w\" sizes=\"(max-width: 768px) 100vw, 768px\" \/>\t\t\t\t\t\t\t\t\t\t\t\t\t\t\t<\/div>\n\t\t\t\t<\/div>\n\t\t\t\t\t<\/div>\n\t\t<\/div>\n\t\t\t\t\t<\/div>\n\t\t<\/section>\n\t\t\t\t<\/div>\n\t\t","protected":false},"excerpt":{"rendered":"<p>Hin s\u00edvins\u00e6lu fj\u00f6lskyldu j\u00f3lahla\u00f0bor\u00f0 eru haldin \u00e1rlega og eru augl\u00fdst a\u00f0 hausti til, mi\u00f0asala er \u00e1 tix.is Skemmtunin hefst \u00ed sk\u00f3ginum kl. 15:00 \u00fear sem fj\u00f6rugir j\u00f3lasveinar taka \u00e1 m\u00f3ti b\u00f6rnunum og foreldrum \u00feeirra og allir nj\u00f3ta yfir ilmandi heitu s\u00fakkula\u00f0i og tr\u00f6lla p\u00f6nnuk\u00f6kum. Gestum b\u00fd\u00f0st svo a\u00f0 versla s\u00e9r j\u00f3latr\u00e9 \u00ed sk\u00f3ginum og athugi\u00f0 [&hellip;]<\/p>\n","protected":false},"author":1,"featured_media":0,"parent":0,"menu_order":0,"comment_status":"closed","ping_status":"closed","template":"","meta":{"_acf_changed":false,"_monsterinsights_skip_tracking":false,"_monsterinsights_sitenote_active":false,"_monsterinsights_sitenote_note":"","_monsterinsights_sitenote_category":0,"site-sidebar-layout":"no-sidebar","site-content-layout":"page-builder","ast-site-content-layout":"default","site-content-style":"default","site-sidebar-style":"default","ast-global-header-display":"","ast-banner-title-visibility":"","ast-main-header-display":"","ast-hfb-above-header-display":"","ast-hfb-below-header-display":"","ast-hfb-mobile-header-display":"","site-post-title":"disabled","ast-breadcrumbs-content":"","ast-featured-img":"disabled","footer-sml-layout":"","ast-disable-related-posts":"","theme-transparent-header-meta":"","adv-header-id-meta":"","stick-header-meta":"","header-above-stick-meta":"","header-main-stick-meta":"","header-below-stick-meta":"","astra-migrate-meta-layouts":"default","ast-page-background-enabled":"default","ast-page-background-meta":{"desktop":{"background-color":"var(--ast-global-color-4)","background-image":"","background-repeat":"repeat","background-position":"center center","background-size":"auto","background-attachment":"scroll","background-type":"","background-media":"","overlay-type":"","overlay-color":"","overlay-opacity":"","overlay-gradient":""},"tablet":{"background-color":"","background-image":"","background-repeat":"repeat","background-position":"center center","background-size":"auto","background-attachment":"scroll","background-type":"","background-media":"","overlay-type":"","overlay-color":"","overlay-opacity":"","overlay-gradient":""},"mobile":{"background-color":"","background-image":"","background-repeat":"repeat","background-position":"center center","background-size":"auto","background-attachment":"scroll","background-type":"","background-media":"","overlay-type":"","overlay-color":"","overlay-opacity":"","overlay-gradient":""}},"ast-content-background-meta":{"desktop":{"background-color":"var(--ast-global-color-5)","background-image":"","background-repeat":"repeat","background-position":"center center","background-size":"auto","background-attachment":"scroll","background-type":"","background-media":"","overlay-type":"","overlay-color":"","overlay-opacity":"","overlay-gradient":""},"tablet":{"background-color":"var(--ast-global-color-5)","background-image":"","background-repeat":"repeat","background-position":"center center","background-size":"auto","background-attachment":"scroll","background-type":"","background-media":"","overlay-type":"","overlay-color":"","overlay-opacity":"","overlay-gradient":""},"mobile":{"background-color":"var(--ast-global-color-5)","background-image":"","background-repeat":"repeat","background-position":"center center","background-size":"auto","background-attachment":"scroll","background-type":"","background-media":"","overlay-type":"","overlay-color":"","overlay-opacity":"","overlay-gradient":""}},"footnotes":""},"class_list":["post-4596","page","type-page","status-publish","hentry"],"acf":[],"_links":{"self":[{"href":"https:\/\/hotelgeysir.is\/is\/wp-json\/wp\/v2\/pages\/4596","targetHints":{"allow":["GET"]}}],"collection":[{"href":"https:\/\/hotelgeysir.is\/is\/wp-json\/wp\/v2\/pages"}],"about":[{"href":"https:\/\/hotelgeysir.is\/is\/wp-json\/wp\/v2\/types\/page"}],"author":[{"embeddable":true,"href":"https:\/\/hotelgeysir.is\/is\/wp-json\/wp\/v2\/users\/1"}],"replies":[{"embeddable":true,"href":"https:\/\/hotelgeysir.is\/is\/wp-json\/wp\/v2\/comments?post=4596"}],"version-history":[{"count":23,"href":"https:\/\/hotelgeysir.is\/is\/wp-json\/wp\/v2\/pages\/4596\/revisions"}],"predecessor-version":[{"id":9494,"href":"https:\/\/hotelgeysir.is\/is\/wp-json\/wp\/v2\/pages\/4596\/revisions\/9494"}],"wp:attachment":[{"href":"https:\/\/hotelgeysir.is\/is\/wp-json\/wp\/v2\/media?parent=4596"}],"curies":[{"name":"wp","href":"https:\/\/api.w.org\/{rel}","templated":true}]}}