{"id":4499,"date":"2022-01-25T10:23:40","date_gmt":"2022-01-25T10:23:40","guid":{"rendered":"https:\/\/hotelgeysir.is\/terms-conditions\/"},"modified":"2024-01-22T16:26:28","modified_gmt":"2024-01-22T16:26:28","slug":"skilmalar","status":"publish","type":"page","link":"https:\/\/hotelgeysir.is\/is\/skilmalar\/","title":{"rendered":"Skilm\u00e1lar"},"content":{"rendered":"\t\t<div data-elementor-type=\"wp-page\" data-elementor-id=\"4499\" class=\"elementor elementor-4499 elementor-2984\" data-elementor-post-type=\"page\">\n\t\t\t\t\t\t<section class=\"ob-is-breaking-bad elementor-section elementor-top-section elementor-element elementor-element-a8490f3 elementor-section-height-min-height panel elementor-section-items-stretch elementor-section-boxed elementor-section-height-default\" data-id=\"a8490f3\" data-element_type=\"section\" data-settings=\"{&quot;background_background&quot;:&quot;classic&quot;,&quot;_ob_bbad_use_it&quot;:&quot;yes&quot;,&quot;_ob_bbad_sssic_use&quot;:&quot;no&quot;}\" data-color=\"blue\">\n\t\t\t\t\t\t<div class=\"elementor-container elementor-column-gap-default\">\n\t\t\t\t\t<div class=\"elementor-column elementor-col-50 elementor-top-column elementor-element elementor-element-c890894\" data-id=\"c890894\" data-element_type=\"column\" data-settings=\"{&quot;_ob_bbad_is_stalker&quot;:&quot;no&quot;,&quot;_ob_column_hoveranimator&quot;:&quot;no&quot;}\">\n\t\t\t<div class=\"elementor-widget-wrap elementor-element-populated\">\n\t\t\t\t\t\t<div class=\"elementor-element elementor-element-12d309f elementor-widget elementor-widget-heading\" data-id=\"12d309f\" data-element_type=\"widget\" data-settings=\"{&quot;_ob_allow_hoveranimator&quot;:&quot;no&quot;,&quot;_ob_widget_stalker_use&quot;:&quot;no&quot;}\" data-widget_type=\"heading.default\">\n\t\t\t\t<div class=\"elementor-widget-container\">\n\t\t\t\t\t<h2 class=\"elementor-heading-title elementor-size-default\">Skilm\u00e1lar<\/h2>\t\t\t\t<\/div>\n\t\t\t\t<\/div>\n\t\t\t\t<div class=\"elementor-element elementor-element-17e80a4 elementor-widget-divider--view-line elementor-widget elementor-widget-divider\" data-id=\"17e80a4\" data-element_type=\"widget\" data-settings=\"{&quot;_ob_allow_hoveranimator&quot;:&quot;no&quot;,&quot;_ob_widget_stalker_use&quot;:&quot;no&quot;}\" data-widget_type=\"divider.default\">\n\t\t\t\t<div class=\"elementor-widget-container\">\n\t\t\t\t\t\t\t<div class=\"elementor-divider\">\n\t\t\t<span class=\"elementor-divider-separator\">\n\t\t\t\t\t\t<\/span>\n\t\t<\/div>\n\t\t\t\t\t\t<\/div>\n\t\t\t\t<\/div>\n\t\t\t\t<div class=\"elementor-element elementor-element-217ab16 elementor-widget elementor-widget-text-editor\" data-id=\"217ab16\" data-element_type=\"widget\" data-settings=\"{&quot;_ob_allow_hoveranimator&quot;:&quot;no&quot;,&quot;_ob_widget_stalker_use&quot;:&quot;no&quot;}\" data-widget_type=\"text-editor.default\">\n\t\t\t\t<div class=\"elementor-widget-container\">\n\t\t\t\t\t\t\t\t\t<p class=\"p1\">Vi\u00f0 kappkostum a\u00f0 veita alltaf n\u00fdjustu uppl\u00fdsingar og uppl\u00fdsingar um \u00fej\u00f3nustu okkar \u00e1 \u00feessari vefs\u00ed\u00f0u. Uppl\u00fdsingarnar sem veittar eru geta breyst og eru eing\u00f6ngu b\u00fanar til til a\u00f0 kynna og b\u00f3ka herbergi og\/e\u00f0a bar\/veitingah\u00fasa\u00fej\u00f3nustu \u00e1 H\u00f3tel Geysi og ekki er h\u00e6gt a\u00f0 nota \u00fe\u00e6r, afrita e\u00f0a endursko\u00f0a \u00e1n sam\u00feykkis vi\u00f0urkenndra starfsmanna H\u00f3tel Geysis.<\/p><p class=\"p1\">Me\u00f0 \u00fev\u00ed a\u00f0 nota s\u00ed\u00f0una okkar sam\u00feykkir \u00fe\u00fa alla skilm\u00e1la og skilyr\u00f0i sem settir eru fram. Ef \u00fe\u00fa sam\u00feykkir ekki alla \u00feessa skilm\u00e1la og skilyr\u00f0i, vinsamlegast ekki nota s\u00ed\u00f0una okkar.<\/p><p class=\"p1\">Sem skilyr\u00f0i fyrir notkun \u00feinni \u00e1 \u00feessari vefs\u00ed\u00f0u, \u00e1byrgist \u00fe\u00fa a\u00f0 (i) \u00fe\u00fa ert a\u00f0 minnsta kosti 18 \u00e1ra; (ii) \u00fe\u00fa hefur lagalega heimild til a\u00f0 stofna til bindandi lagaskyldu; (iii) \u00fe\u00fa munt nota \u00feessa vefs\u00ed\u00f0u \u00ed samr\u00e6mi vi\u00f0 \u00feessa skilm\u00e1la og skilyr\u00f0i; (iv) \u00fe\u00fa munt a\u00f0eins nota \u00feessa vefs\u00ed\u00f0u til a\u00f0 gera l\u00f6gm\u00e6tar fyrirvara fyrir \u00feig e\u00f0a fyrir annan einstakling sem \u00fe\u00fa hefur lagalega heimild til a\u00f0 starfa fyrir; (v) \u00fe\u00fa munt uppl\u00fdsa sl\u00edka a\u00f0ra um skilm\u00e1la og skilyr\u00f0i sem gilda um fyrirvaranir sem \u00fe\u00fa hefur gert fyrir \u00feeirra h\u00f6nd, \u00fear \u00e1 me\u00f0al allar reglur og takmarkanir sem gilda um \u00fea\u00f0; (vi) allar uppl\u00fdsingar sem \u00fe\u00fa gefur upp \u00e1 \u00feessari vefs\u00ed\u00f0u eru sannar, n\u00e1kv\u00e6mar, uppf\u00e6r\u00f0ar og fullkomnar, og (vii) ef \u00fe\u00fa stofnar H\u00f3tel Geysir reikning (ef einhver er), muntu g\u00e6ta reikningsuppl\u00fdsinganna \u00feinna og hafa eftirlit og vera algj\u00f6rlega \u00e1byrgur fyrir hvers kyns notkun \u00e1 reikningnum \u00fe\u00ednum af \u00fe\u00e9r og \u00f6\u00f0rum en \u00fe\u00e9r.<\/p><p class=\"p1\">Vi\u00f0 h\u00f6ldum r\u00e9ttinum, a\u00f0 eigin vild, til a\u00f0 neita hverjum sem er um a\u00f0gang a\u00f0 \u00feessari vefs\u00ed\u00f0u og \u00fej\u00f3nustunni sem vi\u00f0 bj\u00f3\u00f0um upp \u00e1, hven\u00e6r sem er og af hva\u00f0a \u00e1st\u00e6\u00f0u sem er, \u00fear me\u00f0 tali\u00f0, en ekki takmarka\u00f0 vi\u00f0, vegna brota \u00e1 \u00feessum skilm\u00e1lum og skilyr\u00f0um.<\/p><p class=\"p1\">Grei\u00f0slu- og afb\u00f3kunarreglur<\/p><p class=\"p1\">\u00d6ll ver\u00f0 geta breyst \u00fear til kaupver\u00f0 er greitt a\u00f0 fullu og geta breyst hven\u00e6r sem er vegna \u00e1lagningar skatta e\u00f0a annarra opinberra gjalda e\u00f0a annarra atbur\u00f0a sem H\u00f3tel Geysir hefur ekki stj\u00f3rn \u00e1.<\/p><p class=\"p1\">Herbergisver\u00f0 inniheldur neta\u00f0gang. \u00d6ll ver\u00f0 eru fyrir herbergi, gefin upp \u00ed \u00edslensku kr\u00f3num.<span class=\"Apple-converted-space\">\u00a0 <\/span>Kreditkorti\u00f0 sem nota\u00f0 er vi\u00f0 b\u00f3kun \u00e1 vefs\u00ed\u00f0u okkar er a\u00f0eins til a\u00f0 tryggja b\u00f3kunina, vi\u00f0 innritun \u00fearf a\u00f0 framv\u00edsa kreditkorti til grei\u00f0slu. Afp\u00f6ntun \u00fearf 72 t\u00edmum fyrir komudag til a\u00f0 for\u00f0ast einnar n\u00e6tur sekt.<\/p><p class=\"p1\">B\u00f6nnu\u00f0 starfsemi<\/p><p class=\"p1\">Innihald og uppl\u00fdsingar \u00e1 \u00feessari vefs\u00ed\u00f0u (\u00fear \u00e1 me\u00f0al, en ekki takmarka\u00f0 vi\u00f0, ver\u00f0 og frambo\u00f0 herbergja), sem og innvi\u00f0ir sem nota\u00f0ir eru til a\u00f0 veita sl\u00edkt efni og uppl\u00fdsingar, eru \u00ed eigu okkar e\u00f0a birgja okkar og veitenda.<\/p><p class=\"p1\">\u00de\u00fa sam\u00feykkir a\u00f0:<\/p><p class=\"p1\">nota \u00feessa vefs\u00ed\u00f0u e\u00f0a innihald hennar \u00ed vi\u00f0skiptalegum tilgangi;<\/p><p class=\"p1\">f\u00e1 a\u00f0gang a\u00f0, fylgjast me\u00f0 e\u00f0a afrita hva\u00f0a efni e\u00f0a uppl\u00fdsingar sem er \u00e1 \u00feessari vefs\u00ed\u00f0u me\u00f0 \u00fev\u00ed a\u00f0 nota hva\u00f0a v\u00e9lmenni e\u00f0a a\u00f0ra sj\u00e1lfvirka a\u00f0fer\u00f0 e\u00f0a hva\u00f0a handvirka ferli sem er \u00ed hva\u00f0a tilgangi sem er \u00e1n skriflegs leyfis okkar;<\/p><p class=\"p1\">brj\u00f3ta \u00ed b\u00e1ga vi\u00f0 takmarkanir \u00ed hausum fyrir \u00fatilokun v\u00e9lmenna \u00e1 \u00feessari vefs\u00ed\u00f0u e\u00f0a framhj\u00e1 e\u00f0a sni\u00f0ganga a\u00f0rar r\u00e1\u00f0stafanir sem nota\u00f0ar eru til a\u00f0 koma \u00ed veg fyrir e\u00f0a takmarka a\u00f0gang a\u00f0 \u00feessari vefs\u00ed\u00f0u;<\/p><p class=\"p1\">gr\u00edpa til hvers kyns a\u00f0ger\u00f0a sem leggja, e\u00f0a kunna a\u00f0 leggja, a\u00f0 okkar mati, \u00f3e\u00f0lilegt e\u00f0a \u00f3h\u00f3flega miki\u00f0 \u00e1lag \u00e1 innvi\u00f0i okkar;<\/p><p class=\"p1\">dj\u00faptengill \u00e1 hva\u00f0a hluta \u00feessarar vefs\u00ed\u00f0u sem er (\u00fear \u00e1 me\u00f0al, \u00e1n takmarkana, kauplei\u00f0 fyrir fer\u00f0a\u00fej\u00f3nustu) \u00ed hva\u00f0a tilgangi sem er \u00e1n skriflegs leyfis okkar e\u00f0a \u00e1 annan h\u00e1tt fella einhvern hluta \u00feessarar vefs\u00ed\u00f0u inn \u00ed a\u00f0ra vefs\u00ed\u00f0u \u00e1n skriflegs leyfis okkar.<\/p><p class=\"p1\">Ef b\u00f3kun \u00fe\u00edn e\u00f0a reikningur s\u00fdnir merki um svik, misnotkun e\u00f0a grunsamlega starfsemi, getur H\u00f3tel Geysir a\u00f0 eigin vild, h\u00e6tt vi\u00f0 allar b\u00f3kanir sem tengjast nafni \u00fe\u00ednu, netfangi e\u00f0a reikningi og loka\u00f0 \u00f6llum tengdum reikningum \u00e1n \u00feess a\u00f0 tilkynna \u00fe\u00e9r fyrirfram.<\/p>\t\t\t\t\t\t\t\t<\/div>\n\t\t\t\t<\/div>\n\t\t\t\t\t<\/div>\n\t\t<\/div>\n\t\t\t\t<div class=\"elementor-column elementor-col-50 elementor-top-column elementor-element elementor-element-e7aae60\" data-id=\"e7aae60\" data-element_type=\"column\" data-settings=\"{&quot;motion_fx_motion_fx_scrolling&quot;:&quot;yes&quot;,&quot;motion_fx_translateY_effect&quot;:&quot;yes&quot;,&quot;motion_fx_translateY_direction&quot;:&quot;negative&quot;,&quot;motion_fx_translateY_speed&quot;:{&quot;unit&quot;:&quot;px&quot;,&quot;size&quot;:1.6,&quot;sizes&quot;:[]},&quot;_ob_bbad_is_stalker&quot;:&quot;no&quot;,&quot;_ob_column_hoveranimator&quot;:&quot;no&quot;,&quot;motion_fx_translateY_affectedRange&quot;:{&quot;unit&quot;:&quot;%&quot;,&quot;size&quot;:&quot;&quot;,&quot;sizes&quot;:{&quot;start&quot;:0,&quot;end&quot;:100}},&quot;motion_fx_devices&quot;:[&quot;desktop&quot;,&quot;tablet&quot;,&quot;mobile&quot;]}\">\n\t\t\t<div class=\"elementor-widget-wrap\">\n\t\t\t\t\t\t\t<\/div>\n\t\t<\/div>\n\t\t\t\t\t<\/div>\n\t\t<\/section>\n\t\t\t\t<\/div>\n\t\t","protected":false},"excerpt":{"rendered":"<p>Vi\u00f0 kappkostum a\u00f0 veita alltaf n\u00fdjustu uppl\u00fdsingar og uppl\u00fdsingar um \u00fej\u00f3nustu okkar \u00e1 \u00feessari vefs\u00ed\u00f0u. Uppl\u00fdsingarnar sem veittar eru geta breyst og eru eing\u00f6ngu b\u00fanar til til a\u00f0 kynna og b\u00f3ka herbergi og\/e\u00f0a bar\/veitingah\u00fasa\u00fej\u00f3nustu \u00e1 H\u00f3tel Geysi og ekki er h\u00e6gt a\u00f0 nota \u00fe\u00e6r, afrita e\u00f0a endursko\u00f0a \u00e1n sam\u00feykkis vi\u00f0urkenndra starfsmanna H\u00f3tel Geysis. Me\u00f0 \u00fev\u00ed [&hellip;]<\/p>\n","protected":false},"author":1,"featured_media":0,"parent":0,"menu_order":0,"comment_status":"closed","ping_status":"closed","template":"","meta":{"_acf_changed":false,"_monsterinsights_skip_tracking":false,"_monsterinsights_sitenote_active":false,"_monsterinsights_sitenote_note":"","_monsterinsights_sitenote_category":0,"site-sidebar-layout":"no-sidebar","site-content-layout":"page-builder","ast-site-content-layout":"default","site-content-style":"default","site-sidebar-style":"default","ast-global-header-display":"","ast-banner-title-visibility":"","ast-main-header-display":"","ast-hfb-above-header-display":"","ast-hfb-below-header-display":"","ast-hfb-mobile-header-display":"","site-post-title":"disabled","ast-breadcrumbs-content":"","ast-featured-img":"disabled","footer-sml-layout":"","ast-disable-related-posts":"","theme-transparent-header-meta":"","adv-header-id-meta":"","stick-header-meta":"","header-above-stick-meta":"","header-main-stick-meta":"","header-below-stick-meta":"","astra-migrate-meta-layouts":"default","ast-page-background-enabled":"default","ast-page-background-meta":{"desktop":{"background-color":"var(--ast-global-color-4)","background-image":"","background-repeat":"repeat","background-position":"center center","background-size":"auto","background-attachment":"scroll","background-type":"","background-media":"","overlay-type":"","overlay-color":"","overlay-opacity":"","overlay-gradient":""},"tablet":{"background-color":"","background-image":"","background-repeat":"repeat","background-position":"center center","background-size":"auto","background-attachment":"scroll","background-type":"","background-media":"","overlay-type":"","overlay-color":"","overlay-opacity":"","overlay-gradient":""},"mobile":{"background-color":"","background-image":"","background-repeat":"repeat","background-position":"center center","background-size":"auto","background-attachment":"scroll","background-type":"","background-media":"","overlay-type":"","overlay-color":"","overlay-opacity":"","overlay-gradient":""}},"ast-content-background-meta":{"desktop":{"background-color":"var(--ast-global-color-5)","background-image":"","background-repeat":"repeat","background-position":"center center","background-size":"auto","background-attachment":"scroll","background-type":"","background-media":"","overlay-type":"","overlay-color":"","overlay-opacity":"","overlay-gradient":""},"tablet":{"background-color":"var(--ast-global-color-5)","background-image":"","background-repeat":"repeat","background-position":"center center","background-size":"auto","background-attachment":"scroll","background-type":"","background-media":"","overlay-type":"","overlay-color":"","overlay-opacity":"","overlay-gradient":""},"mobile":{"background-color":"var(--ast-global-color-5)","background-image":"","background-repeat":"repeat","background-position":"center center","background-size":"auto","background-attachment":"scroll","background-type":"","background-media":"","overlay-type":"","overlay-color":"","overlay-opacity":"","overlay-gradient":""}},"footnotes":""},"class_list":["post-4499","page","type-page","status-publish","hentry"],"acf":[],"_links":{"self":[{"href":"https:\/\/hotelgeysir.is\/is\/wp-json\/wp\/v2\/pages\/4499","targetHints":{"allow":["GET"]}}],"collection":[{"href":"https:\/\/hotelgeysir.is\/is\/wp-json\/wp\/v2\/pages"}],"about":[{"href":"https:\/\/hotelgeysir.is\/is\/wp-json\/wp\/v2\/types\/page"}],"author":[{"embeddable":true,"href":"https:\/\/hotelgeysir.is\/is\/wp-json\/wp\/v2\/users\/1"}],"replies":[{"embeddable":true,"href":"https:\/\/hotelgeysir.is\/is\/wp-json\/wp\/v2\/comments?post=4499"}],"version-history":[{"count":10,"href":"https:\/\/hotelgeysir.is\/is\/wp-json\/wp\/v2\/pages\/4499\/revisions"}],"predecessor-version":[{"id":9320,"href":"https:\/\/hotelgeysir.is\/is\/wp-json\/wp\/v2\/pages\/4499\/revisions\/9320"}],"wp:attachment":[{"href":"https:\/\/hotelgeysir.is\/is\/wp-json\/wp\/v2\/media?parent=4499"}],"curies":[{"name":"wp","href":"https:\/\/api.w.org\/{rel}","templated":true}]}}