{"id":3779,"date":"2021-11-11T14:40:29","date_gmt":"2021-11-11T14:40:29","guid":{"rendered":"https:\/\/hotelgeysir.is\/geysir-center\/geysir-golf\/"},"modified":"2024-06-16T16:18:57","modified_gmt":"2024-06-16T16:18:57","slug":"geysir-golf","status":"publish","type":"page","link":"https:\/\/hotelgeysir.is\/is\/geysir-center\/geysir-golf\/","title":{"rendered":"Geysir golf"},"content":{"rendered":"\t\t<div data-elementor-type=\"wp-page\" data-elementor-id=\"3779\" class=\"elementor elementor-3779 elementor-1069\" data-elementor-post-type=\"page\">\n\t\t\t\t\t\t<section class=\"ob-is-breaking-bad elementor-section elementor-top-section elementor-element elementor-element-a4952f7 elementor-section-height-min-height elementor-section-boxed elementor-section-height-default elementor-section-items-middle elementor-invisible\" data-id=\"a4952f7\" data-element_type=\"section\" data-settings=\"{&quot;background_background&quot;:&quot;classic&quot;,&quot;animation&quot;:&quot;fadeIn&quot;,&quot;_ob_bbad_use_it&quot;:&quot;yes&quot;,&quot;_ob_bbad_sssic_use&quot;:&quot;no&quot;}\">\n\t\t\t\t\t\t<div class=\"elementor-container elementor-column-gap-default\">\n\t\t\t\t\t<div class=\"elementor-column elementor-col-100 elementor-top-column elementor-element elementor-element-f6ab40c\" data-id=\"f6ab40c\" data-element_type=\"column\" data-settings=\"{&quot;_ob_bbad_is_stalker&quot;:&quot;no&quot;,&quot;_ob_column_hoveranimator&quot;:&quot;no&quot;}\">\n\t\t\t<div class=\"elementor-widget-wrap\">\n\t\t\t\t\t\t\t<\/div>\n\t\t<\/div>\n\t\t\t\t\t<\/div>\n\t\t<\/section>\n\t\t\t\t<section class=\"ob-is-breaking-bad elementor-section elementor-top-section elementor-element elementor-element-9edbaff panel elementor-section-boxed elementor-section-height-default elementor-section-height-default\" data-id=\"9edbaff\" data-element_type=\"section\" data-settings=\"{&quot;background_background&quot;:&quot;classic&quot;,&quot;_ob_bbad_use_it&quot;:&quot;yes&quot;,&quot;_ob_bbad_sssic_use&quot;:&quot;no&quot;}\" data-color=\"blue\">\n\t\t\t\t\t\t<div class=\"elementor-container elementor-column-gap-default\">\n\t\t\t\t\t<div class=\"elementor-column elementor-col-50 elementor-top-column elementor-element elementor-element-f87b53e\" data-id=\"f87b53e\" data-element_type=\"column\" data-settings=\"{&quot;_ob_bbad_is_stalker&quot;:&quot;no&quot;,&quot;_ob_column_hoveranimator&quot;:&quot;no&quot;}\">\n\t\t\t<div class=\"elementor-widget-wrap elementor-element-populated\">\n\t\t\t\t\t\t<div class=\"elementor-element elementor-element-931c78f elementor-widget elementor-widget-heading\" data-id=\"931c78f\" data-element_type=\"widget\" data-settings=\"{&quot;_ob_allow_hoveranimator&quot;:&quot;no&quot;,&quot;_ob_widget_stalker_use&quot;:&quot;no&quot;}\" data-widget_type=\"heading.default\">\n\t\t\t\t<div class=\"elementor-widget-container\">\n\t\t\t\t\t<h2 class=\"elementor-heading-title elementor-size-default\">Geysir golf<\/h2>\t\t\t\t<\/div>\n\t\t\t\t<\/div>\n\t\t\t\t<div class=\"elementor-element elementor-element-6d0615d elementor-widget-divider--view-line elementor-widget elementor-widget-divider\" data-id=\"6d0615d\" data-element_type=\"widget\" data-settings=\"{&quot;_ob_allow_hoveranimator&quot;:&quot;no&quot;,&quot;_ob_widget_stalker_use&quot;:&quot;no&quot;}\" data-widget_type=\"divider.default\">\n\t\t\t\t<div class=\"elementor-widget-container\">\n\t\t\t\t\t\t\t<div class=\"elementor-divider\">\n\t\t\t<span class=\"elementor-divider-separator\">\n\t\t\t\t\t\t<\/span>\n\t\t<\/div>\n\t\t\t\t\t\t<\/div>\n\t\t\t\t<\/div>\n\t\t\t\t<div class=\"elementor-element elementor-element-fcb8ec0 elementor-widget elementor-widget-text-editor\" data-id=\"fcb8ec0\" data-element_type=\"widget\" data-settings=\"{&quot;_ob_allow_hoveranimator&quot;:&quot;no&quot;,&quot;_ob_widget_stalker_use&quot;:&quot;no&quot;}\" data-widget_type=\"text-editor.default\">\n\t\t\t\t<div class=\"elementor-widget-container\">\n\t\t\t\t\t\t\t\t\t<h1>B\u00f3kanir \u00e1 golf.is<\/h1><p><a href=\"https:\/\/www.golf.is\/\" target=\"_blank\" rel=\"noopener\">https:\/\/www.golf.is\/<\/a><\/p><p>Haukadalsv\u00f6llur opna\u00f0i \u00ed j\u00fal\u00ed 2006. V\u00f6llurinn er sta\u00f0settur n\u00e6rri hverasv\u00e6\u00f0inu \u00ed Haukadal og m\u00e1 stundum sj\u00e1 Strokk og Geysir bl\u00e1sa \u00far s\u00e9r \u00e1 me\u00f0an spili stendur. Haukadalsv\u00f6llur er 9 holur og ber hver hola nafn einhvers af \u00feeim hverum sem finnast \u00e1 hverasv\u00e6\u00f0inu. Haukadalsv\u00f6llur er mj\u00f6g skemmtilegur, krefjandi og fallegur golfv\u00f6llur er liggur \u00ed mj\u00f6g fallegu umhverfi. <br \/>\u00deegar sta\u00f0i\u00f0 er \u00e1 fyrsta teig, l\u00e6tur v\u00f6llurinn l\u00edti\u00f0 yfir s\u00e9r og \u00e6ttu kylfingar ekki a\u00f0 l\u00e1ta \u00fea\u00f0 plata sig. Strax \u00e1 annarri holu kemur fallegt umhverfi\u00f0 \u00ed lj\u00f3s og s\u00ed\u00f0an \u00feegar komi\u00f0 er a\u00f0 annarri fl\u00f6t \u00fe\u00e1 opnast gl\u00e6silegt sv\u00e6\u00f0i \u00fear sem Almennings\u00e1 spilar st\u00f3rt hlutverk \u00ed golfleiknum.<\/p>\t\t\t\t\t\t\t\t<\/div>\n\t\t\t\t<\/div>\n\t\t\t\t\t<\/div>\n\t\t<\/div>\n\t\t\t\t<div class=\"elementor-column elementor-col-50 elementor-top-column elementor-element elementor-element-c7c22ea\" data-id=\"c7c22ea\" data-element_type=\"column\" data-settings=\"{&quot;motion_fx_motion_fx_scrolling&quot;:&quot;yes&quot;,&quot;motion_fx_translateY_effect&quot;:&quot;yes&quot;,&quot;motion_fx_translateY_direction&quot;:&quot;negative&quot;,&quot;motion_fx_translateY_speed&quot;:{&quot;unit&quot;:&quot;px&quot;,&quot;size&quot;:1.6,&quot;sizes&quot;:[]},&quot;_ob_bbad_is_stalker&quot;:&quot;no&quot;,&quot;_ob_column_hoveranimator&quot;:&quot;no&quot;,&quot;motion_fx_translateY_affectedRange&quot;:{&quot;unit&quot;:&quot;%&quot;,&quot;size&quot;:&quot;&quot;,&quot;sizes&quot;:{&quot;start&quot;:0,&quot;end&quot;:100}},&quot;motion_fx_devices&quot;:[&quot;desktop&quot;,&quot;tablet&quot;,&quot;mobile&quot;]}\">\n\t\t\t<div class=\"elementor-widget-wrap elementor-element-populated\">\n\t\t\t\t\t\t<div class=\"elementor-element elementor-element-3550b21 elementor-widget elementor-widget-image\" data-id=\"3550b21\" data-element_type=\"widget\" data-settings=\"{&quot;motion_fx_motion_fx_scrolling&quot;:&quot;yes&quot;,&quot;motion_fx_translateY_effect&quot;:&quot;yes&quot;,&quot;motion_fx_translateY_speed&quot;:{&quot;unit&quot;:&quot;px&quot;,&quot;size&quot;:0.5,&quot;sizes&quot;:[]},&quot;motion_fx_devices&quot;:[&quot;desktop&quot;,&quot;tablet&quot;],&quot;motion_fx_translateY_affectedRange&quot;:{&quot;unit&quot;:&quot;%&quot;,&quot;size&quot;:&quot;&quot;,&quot;sizes&quot;:{&quot;start&quot;:0,&quot;end&quot;:100}},&quot;_ob_allow_hoveranimator&quot;:&quot;no&quot;,&quot;_ob_widget_stalker_use&quot;:&quot;no&quot;}\" data-widget_type=\"image.default\">\n\t\t\t\t<div class=\"elementor-widget-container\">\n\t\t\t\t\t\t\t\t\t\t\t\t\t\t\t<img fetchpriority=\"high\" decoding=\"async\" width=\"768\" height=\"512\" src=\"https:\/\/hotelgeysir.is\/wp-content\/uploads\/2021\/11\/Geysir-golf-4-768x512.jpg\" class=\"attachment-medium_large size-medium_large wp-image-3373\" alt=\"\" srcset=\"https:\/\/hotelgeysir.is\/wp-content\/uploads\/2021\/11\/Geysir-golf-4-768x512.jpg 768w, https:\/\/hotelgeysir.is\/wp-content\/uploads\/2021\/11\/Geysir-golf-4-600x400.jpg 600w, https:\/\/hotelgeysir.is\/wp-content\/uploads\/2021\/11\/Geysir-golf-4-300x200.jpg 300w, https:\/\/hotelgeysir.is\/wp-content\/uploads\/2021\/11\/Geysir-golf-4.jpg 900w\" sizes=\"(max-width: 768px) 100vw, 768px\" \/>\t\t\t\t\t\t\t\t\t\t\t\t\t\t\t<\/div>\n\t\t\t\t<\/div>\n\t\t\t\t\t<\/div>\n\t\t<\/div>\n\t\t\t\t\t<\/div>\n\t\t<\/section>\n\t\t\t\t<section class=\"ob-is-breaking-bad elementor-section elementor-top-section elementor-element elementor-element-f839124 panel elementor-reverse-tablet elementor-reverse-mobile elementor-section-boxed elementor-section-height-default elementor-section-height-default\" data-id=\"f839124\" data-element_type=\"section\" data-settings=\"{&quot;background_background&quot;:&quot;classic&quot;,&quot;_ob_bbad_use_it&quot;:&quot;yes&quot;,&quot;_ob_bbad_sssic_use&quot;:&quot;no&quot;}\" data-color=\"blue\">\n\t\t\t\t\t\t<div class=\"elementor-container elementor-column-gap-default\">\n\t\t\t\t\t<div class=\"elementor-column elementor-col-50 elementor-top-column elementor-element elementor-element-9b69bf1\" data-id=\"9b69bf1\" data-element_type=\"column\" data-settings=\"{&quot;_ob_bbad_is_stalker&quot;:&quot;no&quot;,&quot;_ob_column_hoveranimator&quot;:&quot;no&quot;}\">\n\t\t\t<div class=\"elementor-widget-wrap elementor-element-populated\">\n\t\t\t\t\t\t<div class=\"elementor-element elementor-element-78a4f43 elementor-widget elementor-widget-image\" data-id=\"78a4f43\" data-element_type=\"widget\" data-settings=\"{&quot;motion_fx_motion_fx_scrolling&quot;:&quot;yes&quot;,&quot;motion_fx_translateY_effect&quot;:&quot;yes&quot;,&quot;motion_fx_translateY_speed&quot;:{&quot;unit&quot;:&quot;px&quot;,&quot;size&quot;:0.5,&quot;sizes&quot;:[]},&quot;motion_fx_devices&quot;:[&quot;desktop&quot;,&quot;tablet&quot;],&quot;motion_fx_translateY_affectedRange&quot;:{&quot;unit&quot;:&quot;%&quot;,&quot;size&quot;:&quot;&quot;,&quot;sizes&quot;:{&quot;start&quot;:0,&quot;end&quot;:100}},&quot;_ob_allow_hoveranimator&quot;:&quot;no&quot;,&quot;_ob_widget_stalker_use&quot;:&quot;no&quot;}\" data-widget_type=\"image.default\">\n\t\t\t\t<div class=\"elementor-widget-container\">\n\t\t\t\t\t\t\t\t\t\t\t\t\t\t\t<img decoding=\"async\" width=\"900\" height=\"600\" src=\"https:\/\/hotelgeysir.is\/wp-content\/uploads\/2021\/11\/Geysir-golf-1.jpg\" class=\"attachment-large size-large wp-image-3376\" alt=\"\" srcset=\"https:\/\/hotelgeysir.is\/wp-content\/uploads\/2021\/11\/Geysir-golf-1.jpg 900w, https:\/\/hotelgeysir.is\/wp-content\/uploads\/2021\/11\/Geysir-golf-1-600x400.jpg 600w, https:\/\/hotelgeysir.is\/wp-content\/uploads\/2021\/11\/Geysir-golf-1-300x200.jpg 300w, https:\/\/hotelgeysir.is\/wp-content\/uploads\/2021\/11\/Geysir-golf-1-768x512.jpg 768w\" sizes=\"(max-width: 900px) 100vw, 900px\" \/>\t\t\t\t\t\t\t\t\t\t\t\t\t\t\t<\/div>\n\t\t\t\t<\/div>\n\t\t\t\t\t<\/div>\n\t\t<\/div>\n\t\t\t\t<div class=\"elementor-column elementor-col-50 elementor-top-column elementor-element elementor-element-2499638\" data-id=\"2499638\" data-element_type=\"column\" data-settings=\"{&quot;motion_fx_motion_fx_scrolling&quot;:&quot;yes&quot;,&quot;motion_fx_translateY_effect&quot;:&quot;yes&quot;,&quot;motion_fx_translateY_direction&quot;:&quot;negative&quot;,&quot;motion_fx_translateY_speed&quot;:{&quot;unit&quot;:&quot;px&quot;,&quot;size&quot;:1.6,&quot;sizes&quot;:[]},&quot;_ob_bbad_is_stalker&quot;:&quot;no&quot;,&quot;_ob_column_hoveranimator&quot;:&quot;no&quot;,&quot;motion_fx_translateY_affectedRange&quot;:{&quot;unit&quot;:&quot;%&quot;,&quot;size&quot;:&quot;&quot;,&quot;sizes&quot;:{&quot;start&quot;:0,&quot;end&quot;:100}},&quot;motion_fx_devices&quot;:[&quot;desktop&quot;,&quot;tablet&quot;,&quot;mobile&quot;]}\">\n\t\t\t<div class=\"elementor-widget-wrap elementor-element-populated\">\n\t\t\t\t\t\t<div class=\"elementor-element elementor-element-bfc10fc elementor-widget elementor-widget-text-editor\" data-id=\"bfc10fc\" data-element_type=\"widget\" data-settings=\"{&quot;_ob_allow_hoveranimator&quot;:&quot;no&quot;,&quot;_ob_widget_stalker_use&quot;:&quot;no&quot;}\" data-widget_type=\"text-editor.default\">\n\t\t\t\t<div class=\"elementor-widget-container\">\n\t\t\t\t\t\t\t\t\t<p>Vi\u00f0 h\u00f6nnum vallarins var teki\u00f0 tillit til n\u00e1tt\u00farunnar og umhverfisins og er lega vallarins eins l\u00edkust umhverfinu og \u00fea\u00f0 var \u00e1\u00f0ur en framkv\u00e6mdir h\u00f3fust. Tv\u00e6r \u00e1r, Bein\u00e1 og Almennings\u00e1, koma vi\u00f0 s\u00f6gu \u00e1 vellinum og \u00feurfa kylfingar a\u00f0 gl\u00edma vi\u00f0 a\u00f0ra \u00feeirra \u00e1 hverri einustu braut.<br \/>\u00c1 fyrstu braut rennur Bein\u00e1 \u00fe\u00f3 a\u00f0eins r\u00e9tt framan vi\u00f0 gula teiginn og \u00e6ttu flestir kylfingar \u00fev\u00ed ekki a\u00f0 eiga \u00ed teljandi vandr\u00e6\u00f0um me\u00f0 a\u00f0 \u201ehanga \u00feurrir\u201c \u00e1 upphafsholunni. \u00c1 Haukadalsvelli kemst kylfingurinn ekki upp me\u00f0 anna\u00f0 en g\u00f3\u00f0an golfleik fr\u00e1 upphafi til enda. V\u00f6llurinn er 5812 m \u00e1 gulum teigum, par 74 sem er einstakt \u00e1 \u00cdslandi.\u00a0<\/p>\t\t\t\t\t\t\t\t<\/div>\n\t\t\t\t<\/div>\n\t\t\t\t\t<\/div>\n\t\t<\/div>\n\t\t\t\t\t<\/div>\n\t\t<\/section>\n\t\t\t\t<\/div>\n\t\t","protected":false},"excerpt":{"rendered":"<p>B\u00f3kanir \u00e1 golf.is https:\/\/www.golf.is\/ Haukadalsv\u00f6llur opna\u00f0i \u00ed j\u00fal\u00ed 2006. V\u00f6llurinn er sta\u00f0settur n\u00e6rri hverasv\u00e6\u00f0inu \u00ed Haukadal og m\u00e1 stundum sj\u00e1 Strokk og Geysir bl\u00e1sa \u00far s\u00e9r \u00e1 me\u00f0an spili stendur. Haukadalsv\u00f6llur er 9 holur og ber hver hola nafn einhvers af \u00feeim hverum sem finnast \u00e1 hverasv\u00e6\u00f0inu. Haukadalsv\u00f6llur er mj\u00f6g skemmtilegur, krefjandi og fallegur golfv\u00f6llur [&hellip;]<\/p>\n","protected":false},"author":1,"featured_media":0,"parent":3732,"menu_order":0,"comment_status":"closed","ping_status":"closed","template":"","meta":{"_acf_changed":false,"_monsterinsights_skip_tracking":false,"_monsterinsights_sitenote_active":false,"_monsterinsights_sitenote_note":"","_monsterinsights_sitenote_category":0,"site-sidebar-layout":"no-sidebar","site-content-layout":"page-builder","ast-site-content-layout":"default","site-content-style":"default","site-sidebar-style":"default","ast-global-header-display":"","ast-banner-title-visibility":"","ast-main-header-display":"","ast-hfb-above-header-display":"","ast-hfb-below-header-display":"","ast-hfb-mobile-header-display":"","site-post-title":"disabled","ast-breadcrumbs-content":"","ast-featured-img":"disabled","footer-sml-layout":"","ast-disable-related-posts":"","theme-transparent-header-meta":"","adv-header-id-meta":"","stick-header-meta":"","header-above-stick-meta":"","header-main-stick-meta":"","header-below-stick-meta":"","astra-migrate-meta-layouts":"default","ast-page-background-enabled":"default","ast-page-background-meta":{"desktop":{"background-color":"var(--ast-global-color-4)","background-image":"","background-repeat":"repeat","background-position":"center center","background-size":"auto","background-attachment":"scroll","background-type":"","background-media":"","overlay-type":"","overlay-color":"","overlay-opacity":"","overlay-gradient":""},"tablet":{"background-color":"","background-image":"","background-repeat":"repeat","background-position":"center center","background-size":"auto","background-attachment":"scroll","background-type":"","background-media":"","overlay-type":"","overlay-color":"","overlay-opacity":"","overlay-gradient":""},"mobile":{"background-color":"","background-image":"","background-repeat":"repeat","background-position":"center center","background-size":"auto","background-attachment":"scroll","background-type":"","background-media":"","overlay-type":"","overlay-color":"","overlay-opacity":"","overlay-gradient":""}},"ast-content-background-meta":{"desktop":{"background-color":"var(--ast-global-color-5)","background-image":"","background-repeat":"repeat","background-position":"center center","background-size":"auto","background-attachment":"scroll","background-type":"","background-media":"","overlay-type":"","overlay-color":"","overlay-opacity":"","overlay-gradient":""},"tablet":{"background-color":"var(--ast-global-color-5)","background-image":"","background-repeat":"repeat","background-position":"center center","background-size":"auto","background-attachment":"scroll","background-type":"","background-media":"","overlay-type":"","overlay-color":"","overlay-opacity":"","overlay-gradient":""},"mobile":{"background-color":"var(--ast-global-color-5)","background-image":"","background-repeat":"repeat","background-position":"center center","background-size":"auto","background-attachment":"scroll","background-type":"","background-media":"","overlay-type":"","overlay-color":"","overlay-opacity":"","overlay-gradient":""}},"footnotes":""},"class_list":["post-3779","page","type-page","status-publish","hentry"],"acf":[],"_links":{"self":[{"href":"https:\/\/hotelgeysir.is\/is\/wp-json\/wp\/v2\/pages\/3779","targetHints":{"allow":["GET"]}}],"collection":[{"href":"https:\/\/hotelgeysir.is\/is\/wp-json\/wp\/v2\/pages"}],"about":[{"href":"https:\/\/hotelgeysir.is\/is\/wp-json\/wp\/v2\/types\/page"}],"author":[{"embeddable":true,"href":"https:\/\/hotelgeysir.is\/is\/wp-json\/wp\/v2\/users\/1"}],"replies":[{"embeddable":true,"href":"https:\/\/hotelgeysir.is\/is\/wp-json\/wp\/v2\/comments?post=3779"}],"version-history":[{"count":8,"href":"https:\/\/hotelgeysir.is\/is\/wp-json\/wp\/v2\/pages\/3779\/revisions"}],"predecessor-version":[{"id":9965,"href":"https:\/\/hotelgeysir.is\/is\/wp-json\/wp\/v2\/pages\/3779\/revisions\/9965"}],"up":[{"embeddable":true,"href":"https:\/\/hotelgeysir.is\/is\/wp-json\/wp\/v2\/pages\/3732"}],"wp:attachment":[{"href":"https:\/\/hotelgeysir.is\/is\/wp-json\/wp\/v2\/media?parent=3779"}],"curies":[{"name":"wp","href":"https:\/\/api.w.org\/{rel}","templated":true}]}}