{"id":3735,"date":"2021-11-11T14:40:15","date_gmt":"2021-11-11T14:40:15","guid":{"rendered":"https:\/\/hotelgeysir.is\/geysir-center\/camp-site\/"},"modified":"2025-05-12T12:37:41","modified_gmt":"2025-05-12T12:37:41","slug":"camp-site","status":"publish","type":"page","link":"https:\/\/hotelgeysir.is\/is\/geysir-center\/camp-site\/","title":{"rendered":"Tjaldsv\u00e6\u00f0i"},"content":{"rendered":"\t\t<div data-elementor-type=\"wp-page\" data-elementor-id=\"3735\" class=\"elementor elementor-3735 elementor-1067\" data-elementor-post-type=\"page\">\n\t\t\t\t\t\t<section class=\"elementor-section elementor-top-section elementor-element elementor-element-9d16a53 elementor-section-height-min-height elementor-section-boxed elementor-section-height-default elementor-section-items-middle elementor-invisible\" data-id=\"9d16a53\" data-element_type=\"section\" data-settings=\"{&quot;background_background&quot;:&quot;classic&quot;,&quot;animation&quot;:&quot;fadeIn&quot;}\">\n\t\t\t\t\t\t<div class=\"elementor-container elementor-column-gap-default\">\n\t\t\t\t\t<div class=\"elementor-column elementor-col-100 elementor-top-column elementor-element elementor-element-fb0ca80\" data-id=\"fb0ca80\" data-element_type=\"column\" data-settings=\"{&quot;_ob_bbad_is_stalker&quot;:&quot;no&quot;,&quot;_ob_column_hoveranimator&quot;:&quot;no&quot;}\">\n\t\t\t<div class=\"elementor-widget-wrap\">\n\t\t\t\t\t\t\t<\/div>\n\t\t<\/div>\n\t\t\t\t\t<\/div>\n\t\t<\/section>\n\t\t\t\t<section class=\"ob-is-breaking-bad elementor-section elementor-top-section elementor-element elementor-element-d342528 panel elementor-section-boxed elementor-section-height-default elementor-section-height-default\" data-id=\"d342528\" data-element_type=\"section\" data-settings=\"{&quot;background_background&quot;:&quot;classic&quot;,&quot;_ob_bbad_use_it&quot;:&quot;yes&quot;,&quot;_ob_bbad_sssic_use&quot;:&quot;no&quot;}\" data-color=\"blue\">\n\t\t\t\t\t\t<div class=\"elementor-container elementor-column-gap-default\">\n\t\t\t\t\t<div class=\"elementor-column elementor-col-50 elementor-top-column elementor-element elementor-element-3c49550\" data-id=\"3c49550\" data-element_type=\"column\" data-settings=\"{&quot;_ob_bbad_is_stalker&quot;:&quot;no&quot;,&quot;_ob_column_hoveranimator&quot;:&quot;no&quot;}\">\n\t\t\t<div class=\"elementor-widget-wrap elementor-element-populated\">\n\t\t\t\t\t\t<div class=\"elementor-element elementor-element-8c97881 elementor-widget elementor-widget-heading\" data-id=\"8c97881\" data-element_type=\"widget\" data-settings=\"{&quot;_ob_allow_hoveranimator&quot;:&quot;no&quot;,&quot;_ob_widget_stalker_use&quot;:&quot;no&quot;}\" data-widget_type=\"heading.default\">\n\t\t\t\t<div class=\"elementor-widget-container\">\n\t\t\t\t\t<h2 class=\"elementor-heading-title elementor-size-default\">Tjaldsv\u00e6\u00f0i<\/h2>\t\t\t\t<\/div>\n\t\t\t\t<\/div>\n\t\t\t\t<div class=\"elementor-element elementor-element-482ec4f elementor-widget-divider--view-line elementor-widget elementor-widget-divider\" data-id=\"482ec4f\" data-element_type=\"widget\" data-settings=\"{&quot;_ob_allow_hoveranimator&quot;:&quot;no&quot;,&quot;_ob_widget_stalker_use&quot;:&quot;no&quot;}\" data-widget_type=\"divider.default\">\n\t\t\t\t<div class=\"elementor-widget-container\">\n\t\t\t\t\t\t\t<div class=\"elementor-divider\">\n\t\t\t<span class=\"elementor-divider-separator\">\n\t\t\t\t\t\t<\/span>\n\t\t<\/div>\n\t\t\t\t\t\t<\/div>\n\t\t\t\t<\/div>\n\t\t\t\t<div class=\"elementor-element elementor-element-dddfd63 elementor-widget elementor-widget-text-editor\" data-id=\"dddfd63\" data-element_type=\"widget\" data-settings=\"{&quot;_ob_allow_hoveranimator&quot;:&quot;no&quot;,&quot;_ob_widget_stalker_use&quot;:&quot;no&quot;}\" data-widget_type=\"text-editor.default\">\n\t\t\t\t<div class=\"elementor-widget-container\">\n\t\t\t\t\t\t\t\t\t<p>\u00c1 tjaldsv\u00e6\u00f0inu geta n\u00e1tt\u00faruelskendur og \u00feeir \u00e6vint\u00fdragj\u00f6rnu sem vilja vera frj\u00e1lsir eins og fuglinn haft m\u00f6guleika \u00e1 a\u00f0 tjalda vi\u00f0 ja\u00f0ar hverasv\u00e6\u00f0isins me\u00f0 Geysi og Strokk \u00ed nokkurra metra fjarl\u00e6g\u00f0. L\u00e1ti\u00f0 hverinn vekja sig \u00e1 morgnana e\u00f0a sv\u00e6fa sig \u00e1 kv\u00f6ldin. Tjaldsv\u00e6\u00f0i\u00f0 er \u00ed g\u00f6nguf\u00e6ri vi\u00f0 hverasv\u00e6\u00f0i\u00f0, Haukadalssk\u00f3g, H\u00f3tel Geysi, Geysir verslun, Geysir bistro og veitingah\u00fasi\u00f0 \u00e1 Geysir Gl\u00edmu.<br \/>\u00cd \u00fej\u00f3nustuh\u00fasinu er a\u00f0sta\u00f0a fyrir g\u00e6slu, sturtur, g\u00f3\u00f0 salernisa\u00f0sta\u00f0a, salerni fyrir fatla\u00f0a og \u00fevottaa\u00f0sta\u00f0a. Leikt\u00e6ki eru fyrir b\u00f6rnin me\u00f0al annars apar\u00f3la og f\u00f3tboltam\u00f6rk. Rafmagn er \u00e1 sv\u00e6\u00f0inu.<\/p><p>Fj\u00f6lbreytt af\u00fereying er \u00ed bo\u00f0i \u00e1 Geysissv\u00e6\u00f0inu.<br \/>Tjaldsv\u00e6\u00f0inu er skipt upp \u00feannig a\u00f0 hluti \u00feess sem liggur a\u00f0 hverasv\u00e6\u00f0inu er eing\u00f6ngu fyrir tj\u00f6ld.<br \/>H\u00fasb\u00edlar, hj\u00f3lh\u00fdsi, fellih\u00fdsi, tjaldvagnar og a\u00f0rir vagnar tjalda \u00e1 s\u00e9rsv\u00e6\u00f0i \u00fear sem einnig er bo\u00f0i\u00f0 upp \u00e1 rafmagn.\u00a0<br \/>Nj\u00f3ti\u00f0 sumarsins og fallegrar n\u00e1tt\u00faru \u00cdslands<\/p>\t\t\t\t\t\t\t\t<\/div>\n\t\t\t\t<\/div>\n\t\t\t\t<div class=\"elementor-element elementor-element-633c89f elementor-widget elementor-widget-button\" data-id=\"633c89f\" data-element_type=\"widget\" data-settings=\"{&quot;_ob_allow_hoveranimator&quot;:&quot;no&quot;}\" data-widget_type=\"button.default\">\n\t\t\t\t<div class=\"elementor-widget-container\">\n\t\t\t\t\t\t\t\t\t<div class=\"elementor-button-wrapper\">\n\t\t\t\t\t<a class=\"elementor-button elementor-button-link elementor-size-md\" href=\"https:\/\/hotelgeysir.is\/wp-content\/uploads\/2022\/01\/GA-Tjaldstaedi_Wayfinding.pdf\" target=\"_blank\">\n\t\t\t\t\t\t<span class=\"elementor-button-content-wrapper\">\n\t\t\t\t\t\t<span class=\"elementor-button-icon\">\n\t\t\t\t<i aria-hidden=\"true\" class=\"far fa-file-pdf\"><\/i>\t\t\t<\/span>\n\t\t\t\t\t\t\t\t\t<span class=\"elementor-button-text\">SKO\u00d0A UPPL\u00ddSINGAKORT<\/span>\n\t\t\t\t\t<\/span>\n\t\t\t\t\t<\/a>\n\t\t\t\t<\/div>\n\t\t\t\t\t\t\t\t<\/div>\n\t\t\t\t<\/div>\n\t\t\t\t\t<\/div>\n\t\t<\/div>\n\t\t\t\t<div class=\"elementor-column elementor-col-50 elementor-top-column elementor-element elementor-element-252f3f6\" data-id=\"252f3f6\" data-element_type=\"column\" data-settings=\"{&quot;motion_fx_motion_fx_scrolling&quot;:&quot;yes&quot;,&quot;motion_fx_translateY_effect&quot;:&quot;yes&quot;,&quot;motion_fx_translateY_direction&quot;:&quot;negative&quot;,&quot;motion_fx_translateY_speed&quot;:{&quot;unit&quot;:&quot;px&quot;,&quot;size&quot;:1.6,&quot;sizes&quot;:[]},&quot;_ob_bbad_is_stalker&quot;:&quot;no&quot;,&quot;_ob_column_hoveranimator&quot;:&quot;no&quot;,&quot;motion_fx_translateY_affectedRange&quot;:{&quot;unit&quot;:&quot;%&quot;,&quot;size&quot;:&quot;&quot;,&quot;sizes&quot;:{&quot;start&quot;:0,&quot;end&quot;:100}},&quot;motion_fx_devices&quot;:[&quot;desktop&quot;,&quot;tablet&quot;,&quot;mobile&quot;]}\">\n\t\t\t<div class=\"elementor-widget-wrap elementor-element-populated\">\n\t\t\t\t\t\t<div class=\"elementor-element elementor-element-290325a elementor-widget elementor-widget-image\" data-id=\"290325a\" data-element_type=\"widget\" data-settings=\"{&quot;motion_fx_motion_fx_scrolling&quot;:&quot;yes&quot;,&quot;motion_fx_translateY_effect&quot;:&quot;yes&quot;,&quot;motion_fx_translateY_speed&quot;:{&quot;unit&quot;:&quot;px&quot;,&quot;size&quot;:0.5,&quot;sizes&quot;:[]},&quot;motion_fx_devices&quot;:[&quot;desktop&quot;,&quot;tablet&quot;],&quot;motion_fx_translateY_affectedRange&quot;:{&quot;unit&quot;:&quot;%&quot;,&quot;size&quot;:&quot;&quot;,&quot;sizes&quot;:{&quot;start&quot;:0,&quot;end&quot;:100}},&quot;_ob_allow_hoveranimator&quot;:&quot;no&quot;,&quot;_ob_widget_stalker_use&quot;:&quot;no&quot;}\" data-widget_type=\"image.default\">\n\t\t\t\t<div class=\"elementor-widget-container\">\n\t\t\t\t\t\t\t\t\t\t\t\t\t\t\t<img fetchpriority=\"high\" decoding=\"async\" width=\"768\" height=\"517\" src=\"https:\/\/hotelgeysir.is\/wp-content\/uploads\/2022\/01\/Camping-tent-768x517.jpg\" class=\"attachment-medium_large size-medium_large wp-image-3617\" alt=\"\" srcset=\"https:\/\/hotelgeysir.is\/wp-content\/uploads\/2022\/01\/Camping-tent-768x517.jpg 768w, https:\/\/hotelgeysir.is\/wp-content\/uploads\/2022\/01\/Camping-tent-300x202.jpg 300w, https:\/\/hotelgeysir.is\/wp-content\/uploads\/2022\/01\/Camping-tent-600x404.jpg 600w, https:\/\/hotelgeysir.is\/wp-content\/uploads\/2022\/01\/Camping-tent.jpg 800w\" sizes=\"(max-width: 768px) 100vw, 768px\" \/>\t\t\t\t\t\t\t\t\t\t\t\t\t\t\t<\/div>\n\t\t\t\t<\/div>\n\t\t\t\t\t<\/div>\n\t\t<\/div>\n\t\t\t\t\t<\/div>\n\t\t<\/section>\n\t\t\t\t<section class=\"ob-is-breaking-bad elementor-section elementor-top-section elementor-element elementor-element-01a4444 panel elementor-reverse-tablet elementor-reverse-mobile elementor-section-boxed elementor-section-height-default elementor-section-height-default\" data-id=\"01a4444\" data-element_type=\"section\" data-settings=\"{&quot;background_background&quot;:&quot;classic&quot;,&quot;_ob_bbad_use_it&quot;:&quot;yes&quot;,&quot;_ob_bbad_sssic_use&quot;:&quot;no&quot;}\" data-color=\"blue\">\n\t\t\t\t\t\t<div class=\"elementor-container elementor-column-gap-default\">\n\t\t\t\t\t<div class=\"elementor-column elementor-col-50 elementor-top-column elementor-element elementor-element-a1f3a75\" data-id=\"a1f3a75\" data-element_type=\"column\" data-settings=\"{&quot;_ob_bbad_is_stalker&quot;:&quot;no&quot;,&quot;_ob_column_hoveranimator&quot;:&quot;no&quot;}\">\n\t\t\t<div class=\"elementor-widget-wrap elementor-element-populated\">\n\t\t\t\t\t\t<div class=\"elementor-element elementor-element-445a15c elementor-widget elementor-widget-image\" data-id=\"445a15c\" data-element_type=\"widget\" data-settings=\"{&quot;motion_fx_motion_fx_scrolling&quot;:&quot;yes&quot;,&quot;motion_fx_translateY_effect&quot;:&quot;yes&quot;,&quot;motion_fx_translateY_speed&quot;:{&quot;unit&quot;:&quot;px&quot;,&quot;size&quot;:0.5,&quot;sizes&quot;:[]},&quot;motion_fx_devices&quot;:[&quot;desktop&quot;,&quot;tablet&quot;],&quot;motion_fx_translateY_affectedRange&quot;:{&quot;unit&quot;:&quot;%&quot;,&quot;size&quot;:&quot;&quot;,&quot;sizes&quot;:{&quot;start&quot;:0,&quot;end&quot;:100}},&quot;_ob_allow_hoveranimator&quot;:&quot;no&quot;,&quot;_ob_widget_stalker_use&quot;:&quot;no&quot;}\" data-widget_type=\"image.default\">\n\t\t\t\t<div class=\"elementor-widget-container\">\n\t\t\t\t\t\t\t\t\t\t\t\t\t\t\t<img decoding=\"async\" width=\"720\" height=\"960\" src=\"https:\/\/hotelgeysir.is\/wp-content\/uploads\/2023\/11\/1-50.jpg\" class=\"attachment-large size-large wp-image-7881\" alt=\"\" srcset=\"https:\/\/hotelgeysir.is\/wp-content\/uploads\/2023\/11\/1-50.jpg 720w, https:\/\/hotelgeysir.is\/wp-content\/uploads\/2023\/11\/1-50-225x300.jpg 225w, https:\/\/hotelgeysir.is\/wp-content\/uploads\/2023\/11\/1-50-600x800.jpg 600w\" sizes=\"(max-width: 720px) 100vw, 720px\" \/>\t\t\t\t\t\t\t\t\t\t\t\t\t\t\t<\/div>\n\t\t\t\t<\/div>\n\t\t\t\t\t<\/div>\n\t\t<\/div>\n\t\t\t\t<div class=\"elementor-column elementor-col-50 elementor-top-column elementor-element elementor-element-b71bcca\" data-id=\"b71bcca\" data-element_type=\"column\" data-settings=\"{&quot;motion_fx_motion_fx_scrolling&quot;:&quot;yes&quot;,&quot;motion_fx_translateY_effect&quot;:&quot;yes&quot;,&quot;motion_fx_translateY_direction&quot;:&quot;negative&quot;,&quot;motion_fx_translateY_speed&quot;:{&quot;unit&quot;:&quot;px&quot;,&quot;size&quot;:1.6,&quot;sizes&quot;:[]},&quot;_ob_bbad_is_stalker&quot;:&quot;no&quot;,&quot;_ob_column_hoveranimator&quot;:&quot;no&quot;,&quot;motion_fx_translateY_affectedRange&quot;:{&quot;unit&quot;:&quot;%&quot;,&quot;size&quot;:&quot;&quot;,&quot;sizes&quot;:{&quot;start&quot;:0,&quot;end&quot;:100}},&quot;motion_fx_devices&quot;:[&quot;desktop&quot;,&quot;tablet&quot;,&quot;mobile&quot;]}\">\n\t\t\t<div class=\"elementor-widget-wrap elementor-element-populated\">\n\t\t\t\t\t\t<div class=\"elementor-element elementor-element-145898e elementor-widget elementor-widget-heading\" data-id=\"145898e\" data-element_type=\"widget\" data-settings=\"{&quot;_ob_allow_hoveranimator&quot;:&quot;no&quot;,&quot;_ob_widget_stalker_use&quot;:&quot;no&quot;}\" data-widget_type=\"heading.default\">\n\t\t\t\t<div class=\"elementor-widget-container\">\n\t\t\t\t\t<h2 class=\"elementor-heading-title elementor-size-default\">Opi\u00f0 sumari\u00f0 2025 fr\u00e1  15 ma\u00ed - 15. september<\/h2>\t\t\t\t<\/div>\n\t\t\t\t<\/div>\n\t\t\t\t<div class=\"elementor-element elementor-element-54c40b4 elementor-widget elementor-widget-text-editor\" data-id=\"54c40b4\" data-element_type=\"widget\" data-settings=\"{&quot;_ob_allow_hoveranimator&quot;:&quot;no&quot;,&quot;_ob_widget_stalker_use&quot;:&quot;no&quot;}\" data-widget_type=\"text-editor.default\">\n\t\t\t\t<div class=\"elementor-widget-container\">\n\t\t\t\t\t\t\t\t\t<p class=\"p2\"><strong>Opnunart\u00edmi<\/strong><\/p><p class=\"p2\">Tjaldsv\u00e6\u00f0i \u00fej\u00f3nustumi\u00f0st\u00f6\u00f0 08:00 &#8211; 11:00\u00a0\u00a0\/ 17:00 &#8211; 22:00<\/p><p class=\"p2\">Sturta 08:00 &#8211; 10:30 \/ 17:00 &#8211; 21:30<\/p><p class=\"p2\">\u00devottav\u00e9lar, salerni og leikv\u00f6llur eru alltaf opnar<\/p><p class=\"p2\"><strong>Ver\u00f0skr\u00e1<\/strong><\/p><p class=\"p2\">Fullor\u00f0nir: 2.500 ISK<\/p><p class=\"p2\">B\u00f6rn (8 \u2013 15 \u00e1ra): 500 ISK<\/p><p class=\"p2\">B\u00f6rn (0-7 \u00e1ra): \u00f3keypis<\/p><p class=\"p2\">Rafmagn: 1200 kr fyrir 24 klst.<\/p><p class=\"p2\">Sturta: 500 kr<\/p><p class=\"p2\">Gistigjald: 400 kr\u00f3nur \u00e1 einingu (ekki innifali\u00f0 \u00ed ver\u00f0i)<\/p>\t\t\t\t\t\t\t\t<\/div>\n\t\t\t\t<\/div>\n\t\t\t\t\t<\/div>\n\t\t<\/div>\n\t\t\t\t\t<\/div>\n\t\t<\/section>\n\t\t\t\t<\/div>\n\t\t","protected":false},"excerpt":{"rendered":"<p>\u00c1 tjaldsv\u00e6\u00f0inu geta n\u00e1tt\u00faruelskendur og \u00feeir \u00e6vint\u00fdragj\u00f6rnu sem vilja vera frj\u00e1lsir eins og fuglinn haft m\u00f6guleika \u00e1 a\u00f0 tjalda vi\u00f0 ja\u00f0ar hverasv\u00e6\u00f0isins me\u00f0 Geysi og Strokk \u00ed nokkurra metra fjarl\u00e6g\u00f0. L\u00e1ti\u00f0 hverinn vekja sig \u00e1 morgnana e\u00f0a sv\u00e6fa sig \u00e1 kv\u00f6ldin. Tjaldsv\u00e6\u00f0i\u00f0 er \u00ed g\u00f6nguf\u00e6ri vi\u00f0 hverasv\u00e6\u00f0i\u00f0, Haukadalssk\u00f3g, H\u00f3tel Geysi, Geysir verslun, Geysir bistro og [&hellip;]<\/p>\n","protected":false},"author":1,"featured_media":0,"parent":3732,"menu_order":0,"comment_status":"closed","ping_status":"closed","template":"","meta":{"_acf_changed":false,"_monsterinsights_skip_tracking":false,"_monsterinsights_sitenote_active":false,"_monsterinsights_sitenote_note":"","_monsterinsights_sitenote_category":0,"site-sidebar-layout":"no-sidebar","site-content-layout":"page-builder","ast-site-content-layout":"default","site-content-style":"default","site-sidebar-style":"default","ast-global-header-display":"","ast-banner-title-visibility":"","ast-main-header-display":"","ast-hfb-above-header-display":"","ast-hfb-below-header-display":"","ast-hfb-mobile-header-display":"","site-post-title":"disabled","ast-breadcrumbs-content":"","ast-featured-img":"disabled","footer-sml-layout":"","ast-disable-related-posts":"","theme-transparent-header-meta":"","adv-header-id-meta":"","stick-header-meta":"","header-above-stick-meta":"","header-main-stick-meta":"","header-below-stick-meta":"","astra-migrate-meta-layouts":"default","ast-page-background-enabled":"default","ast-page-background-meta":{"desktop":{"background-color":"var(--ast-global-color-4)","background-image":"","background-repeat":"repeat","background-position":"center center","background-size":"auto","background-attachment":"scroll","background-type":"","background-media":"","overlay-type":"","overlay-color":"","overlay-opacity":"","overlay-gradient":""},"tablet":{"background-color":"","background-image":"","background-repeat":"repeat","background-position":"center center","background-size":"auto","background-attachment":"scroll","background-type":"","background-media":"","overlay-type":"","overlay-color":"","overlay-opacity":"","overlay-gradient":""},"mobile":{"background-color":"","background-image":"","background-repeat":"repeat","background-position":"center center","background-size":"auto","background-attachment":"scroll","background-type":"","background-media":"","overlay-type":"","overlay-color":"","overlay-opacity":"","overlay-gradient":""}},"ast-content-background-meta":{"desktop":{"background-color":"var(--ast-global-color-5)","background-image":"","background-repeat":"repeat","background-position":"center center","background-size":"auto","background-attachment":"scroll","background-type":"","background-media":"","overlay-type":"","overlay-color":"","overlay-opacity":"","overlay-gradient":""},"tablet":{"background-color":"var(--ast-global-color-5)","background-image":"","background-repeat":"repeat","background-position":"center center","background-size":"auto","background-attachment":"scroll","background-type":"","background-media":"","overlay-type":"","overlay-color":"","overlay-opacity":"","overlay-gradient":""},"mobile":{"background-color":"var(--ast-global-color-5)","background-image":"","background-repeat":"repeat","background-position":"center center","background-size":"auto","background-attachment":"scroll","background-type":"","background-media":"","overlay-type":"","overlay-color":"","overlay-opacity":"","overlay-gradient":""}},"footnotes":""},"class_list":["post-3735","page","type-page","status-publish","hentry"],"acf":[],"_links":{"self":[{"href":"https:\/\/hotelgeysir.is\/is\/wp-json\/wp\/v2\/pages\/3735","targetHints":{"allow":["GET"]}}],"collection":[{"href":"https:\/\/hotelgeysir.is\/is\/wp-json\/wp\/v2\/pages"}],"about":[{"href":"https:\/\/hotelgeysir.is\/is\/wp-json\/wp\/v2\/types\/page"}],"author":[{"embeddable":true,"href":"https:\/\/hotelgeysir.is\/is\/wp-json\/wp\/v2\/users\/1"}],"replies":[{"embeddable":true,"href":"https:\/\/hotelgeysir.is\/is\/wp-json\/wp\/v2\/comments?post=3735"}],"version-history":[{"count":59,"href":"https:\/\/hotelgeysir.is\/is\/wp-json\/wp\/v2\/pages\/3735\/revisions"}],"predecessor-version":[{"id":10185,"href":"https:\/\/hotelgeysir.is\/is\/wp-json\/wp\/v2\/pages\/3735\/revisions\/10185"}],"up":[{"embeddable":true,"href":"https:\/\/hotelgeysir.is\/is\/wp-json\/wp\/v2\/pages\/3732"}],"wp:attachment":[{"href":"https:\/\/hotelgeysir.is\/is\/wp-json\/wp\/v2\/media?parent=3735"}],"curies":[{"name":"wp","href":"https:\/\/api.w.org\/{rel}","templated":true}]}}